{"id":15,"date":"2017-07-16T10:03:02","date_gmt":"2017-07-16T10:03:02","guid":{"rendered":"http:\/\/fewo-schmidtshoern.de\/?page_id=15"},"modified":"2019-11-24T09:12:49","modified_gmt":"2019-11-24T09:12:49","slug":"buchungsanfrage","status":"publish","type":"page","link":"https:\/\/fewo-schmidtshoern.de\/?page_id=15","title":{"rendered":"Buchungsanfrage"},"content":{"rendered":"<div class=\"wpforms-container wpforms-container-full\" id=\"wpforms-193\"><form id=\"wpforms-form-193\" class=\"wpforms-validate wpforms-form\" data-formid=\"193\" method=\"post\" enctype=\"multipart\/form-data\" action=\"\/index.php?rest_route=%2Fwp%2Fv2%2Fpages%2F15\" data-token=\"4f257b94969ec9a39de1f81cc2bb4d1c\"><div class=\"wpforms-head-container\"><div class=\"wpforms-description\">Hier k\u00f6nnen Sie unverbindlich eine Buchungsanfrage senden. Wir melden uns bei Ihnen! Gerne k\u00f6nnen Sie uns auch via Telefon oder E-Mail kontaktieren.<\/div><\/div><noscript class=\"wpforms-error-noscript\">Bitte aktiviere JavaScript in deinem Browser, um dieses Formular fertigzustellen.<\/noscript><div class=\"wpforms-field-container\"><div id=\"wpforms-193-field_0-container\" class=\"wpforms-field wpforms-field-name\" data-field-id=\"0\"><label class=\"wpforms-field-label\" for=\"wpforms-193-field_0\">Name <span class=\"wpforms-required-label\">*<\/span><\/label><div class=\"wpforms-field-row wpforms-field-medium\"><div class=\"wpforms-field-row-block wpforms-first wpforms-one-half\"><input type=\"text\" id=\"wpforms-193-field_0\" class=\"wpforms-field-name-first wpforms-field-required\" name=\"wpforms[fields][0][first]\" required><label for=\"wpforms-193-field_0\" class=\"wpforms-field-sublabel after wpforms-sublabel-hide\">Vorname<\/label><\/div><div class=\"wpforms-field-row-block wpforms-one-half\"><input type=\"text\" id=\"wpforms-193-field_0-last\" class=\"wpforms-field-name-last wpforms-field-required\" name=\"wpforms[fields][0][last]\" required><label for=\"wpforms-193-field_0-last\" class=\"wpforms-field-sublabel after wpforms-sublabel-hide\">Nachname<\/label><\/div><\/div><\/div><div id=\"wpforms-193-field_4-container\" class=\"wpforms-field wpforms-field-text\" data-field-id=\"4\"><label class=\"wpforms-field-label\" for=\"wpforms-193-field_4\">Telefon (mit Vorwahl)<\/label><input type=\"text\" id=\"wpforms-193-field_4\" class=\"wpforms-field-medium\" name=\"wpforms[fields][4]\" ><\/div><div id=\"wpforms-193-field_1-container\" class=\"wpforms-field wpforms-field-email\" data-field-id=\"1\"><label class=\"wpforms-field-label\" for=\"wpforms-193-field_1\">E-mail <span class=\"wpforms-required-label\">*<\/span><\/label><input type=\"email\" id=\"wpforms-193-field_1\" class=\"wpforms-field-medium wpforms-field-required\" name=\"wpforms[fields][1]\" spellcheck=\"false\" required><\/div><div id=\"wpforms-193-field_3-container\" class=\"wpforms-field wpforms-field-select\" data-field-id=\"3\"><label class=\"wpforms-field-label\" for=\"wpforms-193-field_3\">Wohnung<\/label><select id=\"wpforms-193-field_3\" class=\"wpforms-field-medium\" name=\"wpforms[fields][3]\"><option value=\"Wohnung 3\" >Wohnung 3<\/option><option value=\"Wohnung 4\" >Wohnung 4<\/option><\/select><\/div><div id=\"wpforms-193-field_2-container\" class=\"wpforms-field wpforms-field-textarea\" data-field-id=\"2\"><label class=\"wpforms-field-label\" for=\"wpforms-193-field_2\">Ihre Nachricht <span class=\"wpforms-required-label\">*<\/span><\/label><textarea id=\"wpforms-193-field_2\" class=\"wpforms-field-medium wpforms-field-required\" name=\"wpforms[fields][2]\" required><\/textarea><div class=\"wpforms-field-description\">Bitte geben Sie in dieser Textbox die Anzahl der Personen, Ihr Wunschreisezeitraum sowie weitere Informationen an. <\/div><\/div><div id=\"wpforms-193-field_5-container\" class=\"wpforms-field wpforms-field-checkbox\" data-field-id=\"5\"><label class=\"wpforms-field-label\" for=\"wpforms-193-field_5\">Einwilligung Datenverarbeitung <span class=\"wpforms-required-label\">*<\/span><\/label><ul id=\"wpforms-193-field_5\" class=\"wpforms-field-required\"><li class=\"choice-3 depth-1\"><input type=\"checkbox\" id=\"wpforms-193-field_5_3\" name=\"wpforms[fields][5][]\" value=\"Mit Abschicken des Formulars stimme ich eindeutig der Verarbeitung  meiner pers\u00f6nlichen Daten zum Zwecke der Kontaktaufnahme gem\u00e4\u00df \u00a7 13 Absatz 2 TMG (Telemediengesetz) zu. Weitere Informationen finden Sie im Impressum bzw. der Datenschutzerkl\u00e4rung. Nach Beendigung des Kontaktes bzw. sp\u00e4testens nach 90 Tagen werden Ihre Daten gel\u00f6scht. \" required ><label class=\"wpforms-field-label-inline\" for=\"wpforms-193-field_5_3\">Mit Abschicken des Formulars stimme ich eindeutig der Verarbeitung  meiner pers\u00f6nlichen Daten zum Zwecke der Kontaktaufnahme gem\u00e4\u00df \u00a7 13 Absatz 2 TMG (Telemediengesetz) zu. Weitere Informationen finden Sie im Impressum bzw. der Datenschutzerkl\u00e4rung. Nach Beendigung des Kontaktes bzw. sp\u00e4testens nach 90 Tagen werden Ihre Daten gel\u00f6scht. <\/label><\/li><\/ul><\/div><\/div><!-- .wpforms-field-container --><div class=\"wpforms-field wpforms-field-hp\"><label for=\"wpforms-193-field-hp\" class=\"wpforms-field-label\">Comment<\/label><input type=\"text\" name=\"wpforms[hp]\" id=\"wpforms-193-field-hp\" class=\"wpforms-field-medium\"><\/div><div class=\"wpforms-submit-container\" ><input type=\"hidden\" name=\"wpforms[id]\" value=\"193\"><input type=\"hidden\" name=\"wpforms[author]\" value=\"1\"><button type=\"submit\" name=\"wpforms[submit]\" id=\"wpforms-submit-193\" class=\"wpforms-submit\" data-alt-text=\"Sending...\" data-submit-text=\"Senden\" aria-live=\"assertive\" value=\"wpforms-submit\">Senden<\/button><\/div><\/form><\/div>  <!-- .wpforms-container -->\n","protected":false},"excerpt":{"rendered":"","protected":false},"author":1,"featured_media":0,"parent":0,"menu_order":0,"comment_status":"closed","ping_status":"closed","template":"","meta":{"footnotes":""},"_links":{"self":[{"href":"https:\/\/fewo-schmidtshoern.de\/index.php?rest_route=\/wp\/v2\/pages\/15"}],"collection":[{"href":"https:\/\/fewo-schmidtshoern.de\/index.php?rest_route=\/wp\/v2\/pages"}],"about":[{"href":"https:\/\/fewo-schmidtshoern.de\/index.php?rest_route=\/wp\/v2\/types\/page"}],"author":[{"embeddable":true,"href":"https:\/\/fewo-schmidtshoern.de\/index.php?rest_route=\/wp\/v2\/users\/1"}],"replies":[{"embeddable":true,"href":"https:\/\/fewo-schmidtshoern.de\/index.php?rest_route=%2Fwp%2Fv2%2Fcomments&post=15"}],"version-history":[{"count":4,"href":"https:\/\/fewo-schmidtshoern.de\/index.php?rest_route=\/wp\/v2\/pages\/15\/revisions"}],"predecessor-version":[{"id":194,"href":"https:\/\/fewo-schmidtshoern.de\/index.php?rest_route=\/wp\/v2\/pages\/15\/revisions\/194"}],"wp:attachment":[{"href":"https:\/\/fewo-schmidtshoern.de\/index.php?rest_route=%2Fwp%2Fv2%2Fmedia&parent=15"}],"curies":[{"name":"wp","href":"https:\/\/api.w.org\/{rel}","templated":true}]}}