{"id":228,"date":"2019-11-09T11:49:56","date_gmt":"2019-11-09T11:49:56","guid":{"rendered":"http:\/\/fewo-schmidtshoern.de\/?page_id=228"},"modified":"2024-11-01T09:41:13","modified_gmt":"2024-11-01T09:41:13","slug":"preise","status":"publish","type":"page","link":"https:\/\/fewo-schmidtshoern.de\/?page_id=228","title":{"rendered":"Preise"},"content":{"rendered":"<p><strong>Wohnung 3<\/strong><\/p>\n<table style=\"height: 114px;\" width=\"580\">\n<tbody>\n<tr>\n<th>\n<p>Hauptsaison<\/p>\n<\/th>\n<th>Nebensaison<\/th>\n<th>Wintersaison<\/th>\n<\/tr>\n<tr>\n<td style=\"text-align: left;\">22.06. &#8211; 13.09.2025<\/td>\n<td>\n<p>01.01. bis 11.01.2025<br \/>06.04. bis 21.06.2025<br \/>14.09. bis 02.11.2025<br \/>21.12. bis 31.12.2025<br \/>01.01. bis 08.01.2026<\/p>\n<\/td>\n<td>12.01. bis 05.04.2025<br \/>02.11. bis 20.12.2025<\/td>\n<\/tr>\n<tr>\n<td style=\"text-align: left;\"><strong>76 \u20ac pro Nacht<br \/><\/strong><\/td>\n<td><strong>72 \u20ac pro Nacht<br \/><\/strong><\/td>\n<td><strong>60 \u20ac pro Nacht<br \/><\/strong><\/td>\n<\/tr>\n<\/tbody>\n<\/table>\n\n\n<hr class=\"wp-block-separator has-css-opacity\"\/>\n\n\n\n<p><strong>Wohnung 4<\/strong><\/p>\n\n\n\n<figure class=\"wp-block-table\"><table><tbody><tr><th>\nHauptsaison\n<\/th><th>Nebensaison<\/th><th>Wintersaison<\/th><\/tr><tr><td> 22.06. &#8211; 13.09.2025 <\/td><td>01.01. bis 11.01.2025<br>06.04. bis 21.06.2025<br>14.09. bis 02.11.2025<br>21.12. bis 31.12.2025<br>01.01. bis 08.01.2026 <\/td><td> <br>12.01. bis 05.04.2025<br>02.11. bis 20.12.2025<\/td><\/tr><tr><td><strong>72 \u20ac pro Nacht<\/strong><\/td><td><strong>65 \u20ac pro Nacht<\/strong><\/td><td><strong>56 \u20ac pro Nacht<\/strong><\/td><\/tr><\/tbody><\/table><\/figure>\n\n\n\n<hr class=\"wp-block-separator has-css-opacity\"\/>\n\n\n\n<p><strong>Weitere Informationen<\/strong><\/p>\n\n\n\n<ul>\n<li>Die Kosten f\u00fcr die Endreinigung betragen 52\u20ac (einmalig).<\/li>\n\n\n\n<li>F\u00fcr einmalig 24\u20ac pro Person erhalten Sie auf Wunsch ein W\u00e4schepaket (Bettw\u00e4sche + Handt\u00fccher).<\/li>\n\n\n\n<li>Kurtaxe sind Vor-Ort zu entrichten.<\/li>\n<\/ul>\n","protected":false},"excerpt":{"rendered":"<p>Wohnung 3 Hauptsaison Nebensaison Wintersaison 22.06. &#8211; 13.09.2025 01.01. bis 11.01.202506.04. bis 21.06.202514.09. bis 02.11.202521.12. bis 31.12.202501.01. bis 08.01.2026 12.01. bis 05.04.202502.11. bis 20.12.2025 76 \u20ac pro Nacht 72 \u20ac pro Nacht 60 \u20ac pro Nacht Wohnung 4 Hauptsaison Nebensaison&hellip; <\/p>\n","protected":false},"author":2,"featured_media":0,"parent":0,"menu_order":0,"comment_status":"closed","ping_status":"closed","template":"","meta":{"footnotes":""},"_links":{"self":[{"href":"https:\/\/fewo-schmidtshoern.de\/index.php?rest_route=\/wp\/v2\/pages\/228"}],"collection":[{"href":"https:\/\/fewo-schmidtshoern.de\/index.php?rest_route=\/wp\/v2\/pages"}],"about":[{"href":"https:\/\/fewo-schmidtshoern.de\/index.php?rest_route=\/wp\/v2\/types\/page"}],"author":[{"embeddable":true,"href":"https:\/\/fewo-schmidtshoern.de\/index.php?rest_route=\/wp\/v2\/users\/2"}],"replies":[{"embeddable":true,"href":"https:\/\/fewo-schmidtshoern.de\/index.php?rest_route=%2Fwp%2Fv2%2Fcomments&post=228"}],"version-history":[{"count":11,"href":"https:\/\/fewo-schmidtshoern.de\/index.php?rest_route=\/wp\/v2\/pages\/228\/revisions"}],"predecessor-version":[{"id":276,"href":"https:\/\/fewo-schmidtshoern.de\/index.php?rest_route=\/wp\/v2\/pages\/228\/revisions\/276"}],"wp:attachment":[{"href":"https:\/\/fewo-schmidtshoern.de\/index.php?rest_route=%2Fwp%2Fv2%2Fmedia&parent=228"}],"curies":[{"name":"wp","href":"https:\/\/api.w.org\/{rel}","templated":true}]}}